{"id":279,"date":"2013-01-09T15:09:59","date_gmt":"2013-01-09T15:09:59","guid":{"rendered":"http:\/\/thomas-hillebrand.de\/?page_id=279"},"modified":"2025-10-25T21:36:09","modified_gmt":"2025-10-25T21:36:09","slug":"uber-mich","status":"publish","type":"page","link":"https:\/\/thomas-hillebrand.de\/?page_id=279","title":{"rendered":"Vita kurz und lang"},"content":{"rendered":"\n<p class=\"has-text-align-center\"><strong>Stand: <\/strong>20.08.2025<\/p>\n\n\n\n<h4 class=\"wp-block-heading has-text-align-center has-white-background-color has-background\"><span style=\"color: #3366ff;\">Meine Vita zum Download<\/span><\/h4>\n\n\n\n<p class=\"has-text-align-center has-vivid-red-color has-text-color has-link-color wp-elements-bbd2d51a643b31844175263f726bed98\">&nbsp; <span style=\"color: #ff0000;\"><strong><a href=\"https:\/\/thomas-hillebrand.de\/wp-content\/uploads\/2025\/08\/Vita.pdf\" target=\"_blank\" rel=\"noreferrer noopener\">Vita als PDF.<\/a><\/strong><\/span><\/p>\n\n\n\n<h4 class=\"wp-block-heading has-text-align-center has-black-color has-white-background-color has-text-color has-background\"><span style=\"text-decoration: underline; color: #3366ff;\">Nachfolgend eine ausf\u00fchrliche Darstellung meines bisher &#8222;verr\u00fcckten&#8220; Lebens<\/span><\/h4>\n\n\n\n<p>Wer an dieser Stelle einen aal-glatten Lebenslauf erwartet, den muss ich leider entt\u00e4uschen. Langeweile und schwimmen mit dem Mainstream sind nicht mein Ding. Typische Bezeichnungen, die Verwandte, Bekannte oder Freunde f\u00fcr mich finden sind: <\/p>\n\n\n\n<ul class=\"wp-block-list\">\n<li>Selbstdenker,<\/li>\n\n\n\n<li>Revoluzer,<\/li>\n\n\n\n<li>Vordenker,<\/li>\n\n\n\n<li>Spinner,<\/li>\n\n\n\n<li>Digitalisierungs-Junkie,<\/li>\n\n\n\n<li>Informationssicherheits-Enthusiast<\/li>\n<\/ul>\n\n\n\n<p>oder andere charmante Worte. <\/p>\n\n\n\n<p>Dies nehme ich niemanden \u00fcbel, <strong>denn es stimmt<\/strong> !!!<br><\/p>\n\n\n\n<p>Wie bin ich &#8222;Chief Information Security Officer (CISO)&#8220; geworden ?<\/p>\n\n\n\n<p>Wann genau bei mir das Interesse f\u00fcr die IT (fr\u00fcher EDV) begann, kann ich nicht mehr genau nachvollziehen. Es muss in den Jahren 1982 oder 1983 gewesen sein. <\/p>\n\n\n\n<p>Eine Art &#8222;Brotkasten&#8220; mit Tasten weckte mein Interesse.<\/p>\n\n\n<div class=\"wp-block-image\">\n<figure class=\"aligncenter size-full is-resized\"><a href=\"https:\/\/thomas-hillebrand.de\/wp-content\/uploads\/2022\/11\/CommodoreVC20.jpg\"><img loading=\"lazy\" decoding=\"async\" width=\"799\" height=\"438\" src=\"https:\/\/thomas-hillebrand.de\/wp-content\/uploads\/2022\/11\/CommodoreVC20.jpg\" alt=\"\" class=\"wp-image-1933\" style=\"width:450px;height:247px\" srcset=\"https:\/\/thomas-hillebrand.de\/wp-content\/uploads\/2022\/11\/CommodoreVC20.jpg 799w, https:\/\/thomas-hillebrand.de\/wp-content\/uploads\/2022\/11\/CommodoreVC20-300x164.jpg 300w, https:\/\/thomas-hillebrand.de\/wp-content\/uploads\/2022\/11\/CommodoreVC20-768x421.jpg 768w, https:\/\/thomas-hillebrand.de\/wp-content\/uploads\/2022\/11\/CommodoreVC20-109x60.jpg 109w\" sizes=\"auto, (max-width: 799px) 100vw, 799px\" \/><\/a><\/figure>\n<\/div>\n\n\n<p>Viele D-Mark zahlte ich f\u00fcr einen Commodore VC 20  mit einer sagenhaften Speicherkapazit\u00e4t von 5kByte, von denen dem Nutzer lediglich 3583 Byte zur Verf\u00fcgung standen.<\/p>\n\n\n<div class=\"wp-block-image\">\n<figure class=\"aligncenter size-full is-resized\"><a href=\"https:\/\/thomas-hillebrand.de\/wp-content\/uploads\/2022\/11\/CommodoreVC20Start.jpg\"><img loading=\"lazy\" decoding=\"async\" width=\"390\" height=\"217\" src=\"https:\/\/thomas-hillebrand.de\/wp-content\/uploads\/2022\/11\/CommodoreVC20Start.jpg\" alt=\"\" class=\"wp-image-1939\" style=\"width:326px;height:181px\" srcset=\"https:\/\/thomas-hillebrand.de\/wp-content\/uploads\/2022\/11\/CommodoreVC20Start.jpg 390w, https:\/\/thomas-hillebrand.de\/wp-content\/uploads\/2022\/11\/CommodoreVC20Start-300x167.jpg 300w, https:\/\/thomas-hillebrand.de\/wp-content\/uploads\/2022\/11\/CommodoreVC20Start-108x60.jpg 108w\" sizes=\"auto, (max-width: 390px) 100vw, 390px\" \/><\/a><\/figure>\n<\/div>\n\n\n<p>Schon nach meiner ersten Softwareentwicklung (eine Adressverwaltung) in BASIC war klar, dass ich eine Erweiterung brauchte. Nein, keine Speichererweiterung, sondern ein Speichermedium, dass meine Programme abspeicherte. Denn schaltete man die Brotmaschine aus, war auch die Entwicklung eines Tages einfach weg. Es gab noch keine Festplatten zu erschwinglichen Preisen. Auch Diskettenlaufwerke waren nicht f\u00fcr ein Monatstaschengeld zu bekommen. Also entschloss ich mich f\u00fcr eine Datasette, <\/p>\n\n\n<div class=\"wp-block-image\">\n<figure class=\"aligncenter size-full is-resized\"><a href=\"https:\/\/thomas-hillebrand.de\/wp-content\/uploads\/2022\/11\/Datasettte.jpg\"><img loading=\"lazy\" decoding=\"async\" width=\"403\" height=\"339\" src=\"https:\/\/thomas-hillebrand.de\/wp-content\/uploads\/2022\/11\/Datasettte.jpg\" alt=\"\" class=\"wp-image-1940\" style=\"width:290px;height:244px\" srcset=\"https:\/\/thomas-hillebrand.de\/wp-content\/uploads\/2022\/11\/Datasettte.jpg 403w, https:\/\/thomas-hillebrand.de\/wp-content\/uploads\/2022\/11\/Datasettte-300x252.jpg 300w, https:\/\/thomas-hillebrand.de\/wp-content\/uploads\/2022\/11\/Datasettte-71x60.jpg 71w\" sizes=\"auto, (max-width: 403px) 100vw, 403px\" \/><\/a><\/figure>\n<\/div>\n\n\n<p>mit der ich meine Programme und Daten auf einer herk\u00f6mmlichen Musikkassette<\/p>\n\n\n<div class=\"wp-block-image\">\n<figure class=\"aligncenter size-full is-resized\"><a href=\"https:\/\/thomas-hillebrand.de\/wp-content\/uploads\/2022\/11\/Kassette.jpg\"><img loading=\"lazy\" decoding=\"async\" width=\"789\" height=\"508\" src=\"https:\/\/thomas-hillebrand.de\/wp-content\/uploads\/2022\/11\/Kassette.jpg\" alt=\"\" class=\"wp-image-1941\" style=\"width:293px;height:189px\" srcset=\"https:\/\/thomas-hillebrand.de\/wp-content\/uploads\/2022\/11\/Kassette.jpg 789w, https:\/\/thomas-hillebrand.de\/wp-content\/uploads\/2022\/11\/Kassette-300x193.jpg 300w, https:\/\/thomas-hillebrand.de\/wp-content\/uploads\/2022\/11\/Kassette-768x494.jpg 768w, https:\/\/thomas-hillebrand.de\/wp-content\/uploads\/2022\/11\/Kassette-93x60.jpg 93w\" sizes=\"auto, (max-width: 789px) 100vw, 789px\" \/><\/a><\/figure>\n<\/div>\n\n\n<p> speichern konnte.<\/p>\n\n\n<div class=\"wp-block-image\">\n<figure class=\"alignleft\"><a href=\"http:\/\/thomas-hillebrand.de\/wp-content\/uploads\/2013\/01\/amiga500.jpg\"><img loading=\"lazy\" decoding=\"async\" width=\"300\" height=\"199\" src=\"http:\/\/thomas-hillebrand.de\/wp-content\/uploads\/2013\/01\/amiga500-300x199.jpg\" alt=\"amiga500\" class=\"wp-image-867\" srcset=\"https:\/\/thomas-hillebrand.de\/wp-content\/uploads\/2013\/01\/amiga500-300x199.jpg 300w, https:\/\/thomas-hillebrand.de\/wp-content\/uploads\/2013\/01\/amiga500.jpg 504w\" sizes=\"auto, (max-width: 300px) 100vw, 300px\" \/><\/a><\/figure>\n<\/div>\n\n\n<p>Sp\u00e4testens mit einem AMIGA 500 war es dann um mich geschehen. Diesen hatten meine Eltern bei einer Weihnachts-Tombolla gewonnen. F\u00fcr damalige Verh\u00e4ltnissse eine wahre Revolution. Ein Computer f\u00fcr den Hausgebrauch mit eingebauten 3,5&#8243; Diskettenlaufwerk. Mehrere Stunden verbrachte ich an diesem Ger\u00e4t, dass \u00fcber einen normalen Bildr\u00f6hrenfernseher angeschlossen werden konnte. Erweitert wurde das Ger\u00e4t kurze Zeit sp\u00e4ter mit einem Bildschirm mit bernsteinfarbenen Schriftzeichen.<\/p>\n\n\n\n<p>Eigentlich w\u00e4re es naheliegend gewesen, dass ich nach meinem Schulabschluss im Jahr 1984 eine Ausbildung oder ein Studium der EDV beginne. Doch es kam anders. Ich entschied mich zun\u00e4chst f\u00fcr eine Ausbildung zum Industriekaufmann. Mein Ausbildungsbetrieb stellte die kaufm\u00e4nnische Abwicklung damals auf EDV um.<\/p>\n\n\n<div class=\"wp-block-image\">\n<figure class=\"alignleft\"><a href=\"http:\/\/thomas-hillebrand.de\/wp-content\/uploads\/2013\/01\/Questar_M.jpg\"><img loading=\"lazy\" decoding=\"async\" width=\"300\" height=\"249\" src=\"http:\/\/thomas-hillebrand.de\/wp-content\/uploads\/2013\/01\/Questar_M-300x249.jpg\" alt=\"Questar_M\" class=\"wp-image-884\" srcset=\"https:\/\/thomas-hillebrand.de\/wp-content\/uploads\/2013\/01\/Questar_M-300x249.jpg 300w, https:\/\/thomas-hillebrand.de\/wp-content\/uploads\/2013\/01\/Questar_M.jpg 351w\" sizes=\"auto, (max-width: 300px) 100vw, 300px\" \/><\/a><\/figure>\n<\/div>\n\n\n<p>Ein &#8222;Honeywell Bull Questar M&#8220; mit zwei Diskettenlaufwerken war der ganze Stolz der Gesch\u00e4ftsleitung. Diese hatte auf das franz\u00f6sische Betriebssystem &#8222;Prologue&#8220; gesetzt. Vorteil des Systems war, dass aus dem &#8222;PC&#8220; eine Mehrplatzanlage gebaut werden konnte. Mehrere &#8222;dumme&#8220; Wyse-Bildschirme konnten \u00fcber eine Mehrfachkarte angeschlossen werden. Somit konnten Vertrieb, Einkauf unf Buchhaltung zur gleichen Zeit arbeiten. Die Performance war nicht die Beste, aber es reichte aus. In der reinen PC-Welt spielte man in diesen Tagen noch mit DOS 3.3 bzw. Windows 1.0 wurde erst am 20. November 1985 ausgeliefert.<\/p>\n\n\n\n<p>Im Laufe meiner Ausbildung \u00fcbernahm ich die Administration der Anlage. Erste Versuche mit der Programmiersprache BAL und sp\u00e4ter ABAL brachten Verbesserungen\/Erleichterungen im betrieblichen Ablauf hervor.<\/p>\n\n\n\n<p>Und ich merkte: die IT ist meine Beruf(ung).<\/p>\n\n\n\n<p>Doch bevor ich durchstarten konnte, durfte ich meinen 15-monatigen Grundwehrdienst beim <a href=\"https:\/\/de.wikipedia.org\/wiki\/Flugabwehrlehrregiment_6\">4.\/FlaRgt 6<\/a> in L\u00fctjenburg absolvieren. Als technikaffiner Kanonier wurde ich zum Funker ausgebildet. Zus\u00e4tzlich erhielt ich eine Ausbildung zum Gesch\u00e4ftszimmersoldaten und wurde dort eingesetzt. Mir wurde dort die Verantwortung f\u00fcr die Erstellung einer &#8222;gerechten&#8220; Wachdiensteinteilung \u00fcbertragen. Hierf\u00fcr entwickelte ich ein Punktesystem, dass eine gleichm\u00e4\u00dfige Aufteilung von Wochenend-\/Feiertagsdiensten gew\u00e4hrleistete. Bei der Bundeswehr gab es zu der Zeit noch keine Computer in den &#8222;normalen&#8220; Kasernen. Derartige Ger\u00e4te waren in Zeiten des &#8222;kalten Krieges&#8220; in den Einrichtungen sogar verboten. Ich weiss nicht, wie mein damaliger Spiess es geschafft hat, aber er erwirkte f\u00fcr mich eine Sondergenehmigung. Ich durfte meinen AMGIA 500, der mittlerweile auch \u00fcber einen Drucker verf\u00fcgte, mit in die Kaserne bringen. Und noch viel erstaunlicher war, dass ich mein Punkesystem mit einen Programm abbilden durfte und somit die Erstellung der Wachdienste automatisierte.<\/p>\n\n\n\n<p>Zur\u00fcck aus dem hohen Norden heuerte ich im Jahr 1990 f\u00fcr f\u00fcnfzehn Monate in einem Iserlohner Industrieunternehmen an und migrierte eine WANG-Anlage auf eine Nixdorf 8870 mit dem Betriebssystem NIROS und der Softwaresuite COMET TOP.<\/p>\n\n\n\n<p>Im gleichen Jahr, am 21.06.1990, heiratete ich &#8222;meine&#8220; Claudia. Hier ist zu erw\u00e4hnen, dass der Grundsatz st\u00e4ndig etwas Neues auszuprobieren, hier <strong>nicht<\/strong> gilt. Es ist bis zum heutigen Tag das einzig Best\u00e4ndige in meinem Leben und soll auch so bleiben. \ud83d\ude42<\/p>\n\n\n\n<p>Bis zur Jahrtausendwende seien die weiteren privaten und beruflichen Stationen in Stichpunkten erw\u00e4hnt:<\/p>\n\n\n\n<p>&#8211; Programmierer f\u00fcr Zeiterfassungssystem incl. Hardwareanbindung von Benzing-Zeiterfassungsger\u00e4ten<br>&#8211; IT-Projektleiter in \u00f6ffentlichen Institionen (LVA M\u00fcnchen, Landwirtschaftliche Berufsgenossenschaft Kiel,&nbsp;&nbsp; Kassenzahn\u00e4rztliche Vereinigung Freiburg)<br>&#8211; 1996 Umzug von NRW nach Bayern<br>&#8211; 1997 Beginn T\u00e4tigkeit als Progammierer in einem medizinischem Labor &#8211; Dr. Schottdorf &#8211; Augsburg<br>&#8211; Beginn und Abbruch nach dem 4. Semester Studium der Informatik &#8211; die Besch\u00e4ftigung mit &#8222;alten&#8220; Technologien und alten Progammiersprachen (Pascal, Cobol) langweilte mich<br>&#8211; 1998 Verantwortung f\u00fcr sieben Laborgemeinschaften als zertifizierter Datenschutzbeauftragter &#8211; Dr. Schottdorf Augsburg<\/p>\n\n\n\n<p>Dann wurde es spannend. Im Mai 1999 kam unser Sohn Tobias (<a title=\"Tobias Hillebrand\" href=\"http:\/\/www.Tobias-Hillebrand.de\" target=\"_blank\" rel=\"noopener noreferrer\">http:\/\/www.Tobias-Hillebrand.de<\/a> &#8211; <em>Seite derzeit nicht gepflegt<\/em>) zur Welt. <\/p>\n\n\n\n<p>Im Herbst des gleichen Jahres schlenderte ich gelangweilt \u00fcber die &#8222;<a href=\"https:\/\/de.wikipedia.org\/wiki\/Systems\">SYSTEMS<\/a>&#8220; in M\u00fcnchen. Die &#8222;SYSTEMS&#8220; war eine Art &#8222;<a href=\"https:\/\/de.wikipedia.org\/wiki\/Cebit\">CEBIT<\/a> des S\u00fcdens&#8220;. Zu dieser Zeit hatte die ganze Welt Angst vor den Folgen der Jahrtausendwende auf Computersysteme &#8211; Stichwort: Datumumstellung Jahrtausendwende.<\/p>\n\n\n\n<p>Spezialisten wurden h\u00e4nderingend gesucht. Eine Personalerin von der Commerzbank zerrte mich mit k\u00f6rperlicher Gewalt auf ihren Stand und \u00fcberzeugte mich in Frankfurt bei der IT-Security-Architektur der Commerzbank anzufangen. Eine interessante Herausforderung, die ich zum 01.01.2000 annahm. Es folgte eine Weiterbildung zum &#8222;Certified Information Security Officer (CISO)&#8220; an der FH Rhein Sieg. Meine Hauptaufgabe bei der Commerzbank bestand in der Entwicklung einer Methode zum &#8222;IT-Risk-Management&#8220;. Ich erkannte, dass eine isolierte Betrachtung der IT nicht ausreichend ist. Erst die Verkn\u00fcpfung der Wertigkeit von Business-Prozessen mit den Schwachstellen an IT-Systemen und den darauf resultierenden Bedrohungen konnten eine Aussage \u00fcber die IT-Risiken m\u00f6glich machen. <\/p>\n\n\n\n<p>Doch die Zeit war noch nicht reif f\u00fcr diesen Ansatz. \u00dcber den K\u00f6pfen der IT-Security-Community schwebte der Hauch des Grundschutzes des <a href=\"https:\/\/www.bsi.bund.de\/\">BSI<\/a>. Es wurde mit nicht endenden Listen gearbeitet, die alle m\u00f6glichen Schwachstellen auflisteten, aber Risiken nicht darstellen konnten. Diese Listen vergr\u00f6\u00dferten sich nat\u00fcrlich st\u00e4ndig mit den neu gefundenen Schwachstellen. Mit meinem Konzept f\u00fcr IT-Risikomanagement flog ich hochkant aus dem Vorstandsb\u00fcro. <\/p>\n\n\n\n<p>Aus privaten Gr\u00fcnden beendete ich mein Engagement bei der Commerzbank am 31.03.2001. Es war eine sch\u00f6ne und lehrreiche Zeit in Frankfurt. An dieser Stelle ein Dank an meine damaligen Kollegen und Vorgesetzten.<\/p>\n\n\n\n<p>Am 01.04.2001 begann ich bei der HypoVereinsbank AG in M\u00fcnchen in der IT-Security-Architektur. Mein Aufgabenhorizont erstreckte sich auf die Thematik &#8222;Verschl\u00fcsselung, PKI u.\u00e4.&#8220;. Hier durfte ich die ausl\u00e4ndischen Lokationen (New York, Athen, London, Singpur) IT-technisch &#8222;sicher&#8220; an die Zentrale in M\u00fcnchen anbinden und in Projekten mit dem Thema &#8222;Sichere eMail und elektronische Signatur&#8220; besch\u00e4ftigen.<\/p>\n\n\n\n<p>Nach einigen Umstrukturierungen innterhalb der HVB wurde ich IT-Auditor in der Revision. Im Jahr 2005 wurde die Hypovereinsbank AG von der italienischen UniCredit S.p.A \u00fcbernommen. Nach einem kurzen Zwischenstopp in der operativen IT-Einheit der UniCredit wechselte ich 2013 in das IT-Risikomanagement mit einer Verbindung zum OpRisk. <\/p>\n\n\n\n<p>Nach einer \u00a7 44 KWG Pr\u00fcfung im Jahr 2012 durfte ich hier meinen Ansatz f\u00fcr ein IT-Risikomanagement, den ich in der Commerzbank verfolgte, endlich verwirklichen.<\/p>\n\n\n\n<p>Manchmal braucht alles seine Zeit. <\/p>\n\n\n\n<p><strong>2017:<\/strong> Zum Wintersemester habe ich mich an der Fernuni-Hagen als Student f\u00fcr den Studiengang &#8222;Psychologie&#8220; registriert.<\/p>\n\n\n\n<p><strong>2018:<\/strong> Ich engagierte mich neben meinem Hauptjob bei der Hypovereinbank (UniCredit Bank AG) im Bezirkskrankenhaus (BKH) als 1:1 Betreuer in der geschlossenen Psychiatrie. In dieser Funktion bekam ich Patienten in psychischen Ausnahmesituationen zugewiesen. Meine Aufgabe war es den Patienten den Aufenthalt so angenehmt wie m\u00f6glich zu gestalten und vor selbstsch\u00e4digendem Verhalten abzuhalten. In der geschlossenen Abteilung ist dies manchmal sehr schwierig, da es zeitweise aufgrund von Krankheitsbildern zu Verst\u00e4ndigungsschwierigkeiten kommt. Die Krankheitsbilder bildeten das gesamte Spektrum psychischer Krankheiten ab. Die T\u00e4tigkeit unterst\u00fctzte mich bei meinem Studium.<\/p>\n\n\n\n<p>Nun ist es so, dass man nach einem Jahr in der 1:1 &#8211; Betreuung f\u00fcr 3 Monate pausieren muss. Auf der Suche nach einer Fortsetzung kam ich mit dem UniKlinikum Augsburg in Kontakt. Dort wurde ich jedoch nicht in der Pflege \/ Betreuung eingesetzt, sondern in der IT-Abteilung im Bereich KRITIS (kritische Infrastrukturen).<\/p>\n\n\n\n<p><strong>2021:<\/strong> R\u00fcckschlag. Mein Psychologie-Studium endet, weil ich im Bereich \u201eStatistik\u201c dreimal durch die Pr\u00fcfung gefallen bin. Schade. <\/p>\n\n\n\n<p><strong>2022:<\/strong> Zertifizierung &#8222;Data Analyst (IHK)&#8220; -&gt;<strong><span style=\"color: #ff0000;\"> <a style=\"color: #ff0000;\" href=\"https:\/\/thomas-hillebrand.de\/wp-content\/uploads\/2022\/06\/DataAnalystIHKoZ.pdf\">Link zum Zertifikat<\/a><\/span><\/strong><\/p>\n\n\n\n<p><strong>2023<\/strong> langweilte mich mein Job bei der HypoVereinsbank. Nach fast 22 Jahren beendete ich meine Karriere bei der UniCredit \/ HypoVereinsbank.<\/p>\n\n\n\n<p>Bereits in den Jahren davor hatte ich mich mit den Themen KRITIS (kritische Infrastrukturen) intensiv besch\u00e4ftigt. Ich absolvierte <a href=\"https:\/\/thomas-hillebrand.de\/wp-content\/uploads\/2025\/10\/TUEV_Paragraf_8a_Pruefer.pdf\" target=\"_blank\" rel=\"noreferrer noopener\">eine Fortbildung zum \u00a78a BSiG &#8211; Pr\u00fcfer.<\/a> Durch meine mittlerweile guten Verbindungen (siehe 2018) im Gesundheitsbereich kam es zu einem Kontakt zum <a href=\"https:\/\/klinikum-bayreuth.de\/\">Klinikum Bayreuth<\/a>.<\/p>\n\n\n\n<p>So wurde ich letztlich Health-CISO &#8211; Chief Information Security Officer.<\/p>\n\n\n\n<p><strong>Juni 2024 &#8211; Dezember 2024 : <\/strong>Eigentlich hatten wir (meine Familie und ich) geplant, dass das Klinikum Bayreuth meine letzte berufliche Station vor dem Renteneintritt sein soll. Doch es kam mal wieder anders<\/p>\n\n\n\n<p>Toxische Entwicklungen in Bayreuth gaben den letzten Schub ein neues Experiment zu wagen.<\/p>\n\n\n\n<p>Ich bekam die Chance in diversen Projekten<\/p>\n\n\n\n<ul class=\"wp-block-list\">\n<li>Uni-Klinikum Gie\u00dfen \/ Marburg,<\/li>\n\n\n\n<li>bei den Asklepios-Klinken,<\/li>\n\n\n\n<li>Krankenhaus Reinbek St. Adolf-Stift,<\/li>\n\n\n\n<li>Mercedes Benz,<\/li>\n\n\n\n<li><a href=\"https:\/\/www.psych.mpg.de\/klinik\">Max-Planck-Institut M\u00fcnchen<\/a><\/li>\n\n\n\n<li><a href=\"https:\/\/www.ib-sachsen-anhalt.de\/\">Investitionsbank Magdeburg<\/a><\/li>\n\n\n\n<li><a href=\"https:\/\/www.now-wasser.de\/\">Zweckverband Wasserversorgung Nordostw\u00fcrttemberg<\/a><\/li>\n<\/ul>\n\n\n<div class=\"wp-block-image is-style-rounded\">\n<figure class=\"aligncenter size-medium\"><a href=\"https:\/\/thomas-hillebrand.de\/wp-content\/uploads\/2024\/12\/IMG_5891.jpg\"><img loading=\"lazy\" decoding=\"async\" width=\"181\" height=\"300\" src=\"https:\/\/thomas-hillebrand.de\/wp-content\/uploads\/2024\/12\/IMG_5891-181x300.jpg\" alt=\"\" class=\"wp-image-2179\" srcset=\"https:\/\/thomas-hillebrand.de\/wp-content\/uploads\/2024\/12\/IMG_5891-181x300.jpg 181w, https:\/\/thomas-hillebrand.de\/wp-content\/uploads\/2024\/12\/IMG_5891-617x1024.jpg 617w, https:\/\/thomas-hillebrand.de\/wp-content\/uploads\/2024\/12\/IMG_5891-768x1274.jpg 768w, https:\/\/thomas-hillebrand.de\/wp-content\/uploads\/2024\/12\/IMG_5891-926x1536.jpg 926w, https:\/\/thomas-hillebrand.de\/wp-content\/uploads\/2024\/12\/IMG_5891-36x60.jpg 36w, https:\/\/thomas-hillebrand.de\/wp-content\/uploads\/2024\/12\/IMG_5891.jpg 1101w\" sizes=\"auto, (max-width: 181px) 100vw, 181px\" \/><\/a><\/figure>\n<\/div>\n\n\n<p>als \u00a7 8a BSIG Auditor oder Interims-CISO meine Kompetenzen in der Informationssicherheit weiter zu vertiefen.<\/p>\n\n\n\n<p><strong>Januar 2025:<\/strong> Ich \u00fcbernehme als CISO im Universit\u00e4tsklinikum Augsburg (UKA) die Verantwortung f\u00fcr die Informationssicherheit und plane die anstehende KRITIS-Pr\u00fcfung nach \u00a7 8a BSIG. Im Rahmen meiner T\u00e4tigkeit revolutioniere ich das ISB-Thema &#8222;Sensibilisierung&#8220;, dass von den Pr\u00fcfern positiv gew\u00fcrdigt wird. Auch das Thema &#8222;Diensterleistermanagement&#8220; findet besondere Beachtung.<\/p>\n\n\n\n<p><strong>Juli 2025:<\/strong> Es folgt nochmals ein Wechsel der Branche. Mehr dazu in K\u00fcrze hier.<\/p>\n\n\n\n<p>Ein neues Zertifikat -&gt;<a href=\"https:\/\/thomas-hillebrand.de\/wp-content\/uploads\/2025\/10\/EY-Zertifikat-IT-Grundschutz-Praktiker-Hillebrand.pdf\"> IT Grundschutz Praktiker<\/a><\/p>\n\n\n\n<p>Vielen Dank an meine geduldige Familie und die vielen Unterst\u00fctzer, die mir diese Erfahrungen erm\u00f6glicht haben.<\/p>\n\n\n\n<hr class=\"wp-block-separator has-alpha-channel-opacity\"\/>\n\n\n\n<p>Und was hat sich famili\u00e4r getan ? <\/p>\n\n\n\n<p>Im September 2003 wurde unsere Tochter Paula Caroline (<a title=\"Paula Hillebrand\" href=\"http:\/\/www.Paula-Hillebrand.de\" target=\"_blank\" rel=\"noopener noreferrer\">http:\/\/www.Paula-Hillebrand.de<\/a> &#8211; (Seite derzeit nicht gepflegt) geboren. Im Jahr 2024 hat Sie Ihre Ausbildung zur &#8222;Industriekauffrau&#8220; abgeschlossen. <\/p>\n\n\n\n<p>??? Industriekauffrau ??? &#8211; da war doch noch etwas &#8211; ist meine Tochter etwa auf den Spuren des Vaters ? <\/p>\n\n\n\n<p><\/p>\n\n\n\n<p>Im Januar 2008 kam unser drittes Kind Jakob Matthias (<a title=\"Jakob Hillebrand\" href=\"http:\/\/www.Jakob-Hillebrand.de\" target=\"_blank\" rel=\"noopener noreferrer\">http:\/\/www.Jakob-Hillebrand.de<\/a>) zur Welt.<\/p>\n\n\n\n<p>Alle drei Kinder sind unser ganzer Stolz.<\/p>\n\n\n\n<h4 class=\"wp-block-heading has-text-align-center has-pale-cyan-blue-background-color has-background\"><span style=\"color: #3366ff;\">Lieblingslied und Lieblingsspr\u00fcche<\/span><\/h4>\n\n\n\n<p><span style=\"color: #000000;\">&#8222;Wende <\/span>Dein Gesicht der Sonne zu, dann fallen die Schatten hinter dich.&#8220;, (Walt Whitman, amerikanischer Dichter und Journalist &#8211; 1819 &#8211; 1892)<\/p>\n\n\n\n<p>&#8222;Man kann ein Problem nicht mit der selben Denkweise l\u00f6sen, mit der es entstanden ist.&#8220;, (Albert Einstein)<\/p>\n\n\n\n<p>Mein Motto: &#8222;<em>Mehr als die Vergangenheit interessiert mich die Zukunft, denn in ihr gedenke ich zu leben<\/em>&#8220; (Albert Einstein)<br>und<br>&#8222;<em>Z\u00e4hle Deine Erfolge, nicht Deine Sorgen &#8211; und denke daran: Einfache Leute bauten die Arche -&gt; &#8222;Fachleute&#8220; die Titanic<\/em>&#8220; (unbekannt)<\/p>\n\n\n\n<h2 class=\"wp-block-heading\">Lieblingslied: &#8222;Eines Tages &#8230;&#8220; von den Fantastischen Vier<\/h2>\n\n\n\n<h4 class=\"wp-block-heading has-text-align-center has-white-color has-black-background-color has-text-color has-background\">Und a Leich war i a scho<span style=\"color: #3366ff;\"><\/span><\/h4>\n\n\n\n<figure class=\"wp-block-embed is-type-video is-provider-youtube wp-block-embed-youtube wp-embed-aspect-16-9 wp-has-aspect-ratio\"><div class=\"wp-block-embed__wrapper\">\n<iframe loading=\"lazy\" title=\"Toter Kleinw\u00fcchsiger! Teenager unter Mordverdacht! | 1\/2 | K11 - Kommissare im Einsatz |SAT.1\" width=\"790\" height=\"444\" src=\"https:\/\/www.youtube.com\/embed\/wimMsbl_DTI?feature=oembed\" frameborder=\"0\" allow=\"accelerometer; autoplay; clipboard-write; encrypted-media; gyroscope; picture-in-picture; web-share\" referrerpolicy=\"strict-origin-when-cross-origin\" allowfullscreen><\/iframe>\n<\/div><\/figure>\n\n\n\n<figure class=\"wp-block-embed is-type-video is-provider-youtube wp-block-embed-youtube wp-embed-aspect-16-9 wp-has-aspect-ratio\"><div class=\"wp-block-embed__wrapper\">\n<iframe loading=\"lazy\" title=\"Zweifacher Mord! Ex-Lehrling manipuliert Insulin! | 2\/2 | K11 - Kommissare im Einsatz | SAT.1\" width=\"790\" height=\"444\" src=\"https:\/\/www.youtube.com\/embed\/zdbRmt1XgL8?feature=oembed\" frameborder=\"0\" allow=\"accelerometer; autoplay; clipboard-write; encrypted-media; gyroscope; picture-in-picture; web-share\" referrerpolicy=\"strict-origin-when-cross-origin\" allowfullscreen><\/iframe>\n<\/div><\/figure>\n\n\n\n<h4 class=\"wp-block-heading has-text-align-center has-cyan-bluish-gray-background-color has-background\"><span style=\"color: #3366ff;\">Hier kommt noch ein Nachschlag<\/span>&nbsp;<\/h4>\n\n\n\n<p>Ach ja. Fast h\u00e4tte ich es vergessen. W\u00e4hrend meines Werdeganges gab es mal eine kleine Sinnkrise. Hierbei entdeckte ich den schreibenden und fotografischen Journalismus und die Public Relations.<br>Um das Ganze auf solide F\u00fc\u00dfe zu stellen, absolvierte ich 2007 ein Studium an der Bayerischen Akademie f\u00fcr Werbung und Marketing zum PR-Fachwirt. <\/p>\n\n\n\n<p>Hier setzte ich zum Entsetzen meiner Professorin und Dozenten in meiner Diplomarbeit auf OnlinePR. Twitter und Fachbook. Social Media waren noch Themen, denen in Deutschland kein bzw. wenig Potential einger\u00e4umt wurde. Ob dies der Ausschlag f\u00fcr eine Note war, mit der ich eigentlich nicht einverstanden war (bin), kann ich leider nicht nachvollziehen. :-))<span style=\"color: #ffffff;\"><a style=\"color: #ffffff;\" href=\"http:\/\/thomas-hillebrand.de\/wp-content\/uploads\/2013\/01\/Blogger_der_ersten_Stunde.pdf\">Blogger_der_ersten_Stunde<\/a><\/span><\/p>\n\n\n\n<p>2011 war ich Mitorganisator der &#8222;NICHE11&#8220; &#8211; Podcaster-Konferenz. <\/p>\n\n\n\n<p>Leider ist der Link zu dieser Veranstaltung nicht mehr verf\u00fcgbar.<\/p>\n\n\n\n<p><\/p>\n","protected":false},"excerpt":{"rendered":"<p>Stand: 20.08.2025 Meine Vita zum Download &nbsp; Vita als PDF. Nachfolgend eine ausf\u00fchrliche Darstellung meines bisher &#8222;verr\u00fcckten&#8220; Lebens Wer an dieser Stelle einen aal-glatten Lebenslauf erwartet, den muss ich leider entt\u00e4uschen. Langeweile und schwimmen mit dem Mainstream sind nicht mein Ding. Typische Bezeichnungen, die Verwandte, Bekannte oder Freunde f\u00fcr mich &hellip; <\/p>\n","protected":false},"author":1,"featured_media":2212,"parent":0,"menu_order":0,"comment_status":"closed","ping_status":"closed","template":"","meta":{"footnotes":""},"class_list":["post-279","page","type-page","status-publish","has-post-thumbnail","hentry","latest_post"],"_links":{"self":[{"href":"https:\/\/thomas-hillebrand.de\/index.php?rest_route=\/wp\/v2\/pages\/279","targetHints":{"allow":["GET"]}}],"collection":[{"href":"https:\/\/thomas-hillebrand.de\/index.php?rest_route=\/wp\/v2\/pages"}],"about":[{"href":"https:\/\/thomas-hillebrand.de\/index.php?rest_route=\/wp\/v2\/types\/page"}],"author":[{"embeddable":true,"href":"https:\/\/thomas-hillebrand.de\/index.php?rest_route=\/wp\/v2\/users\/1"}],"replies":[{"embeddable":true,"href":"https:\/\/thomas-hillebrand.de\/index.php?rest_route=%2Fwp%2Fv2%2Fcomments&post=279"}],"version-history":[{"count":291,"href":"https:\/\/thomas-hillebrand.de\/index.php?rest_route=\/wp\/v2\/pages\/279\/revisions"}],"predecessor-version":[{"id":2498,"href":"https:\/\/thomas-hillebrand.de\/index.php?rest_route=\/wp\/v2\/pages\/279\/revisions\/2498"}],"wp:featuredmedia":[{"embeddable":true,"href":"https:\/\/thomas-hillebrand.de\/index.php?rest_route=\/wp\/v2\/media\/2212"}],"wp:attachment":[{"href":"https:\/\/thomas-hillebrand.de\/index.php?rest_route=%2Fwp%2Fv2%2Fmedia&parent=279"}],"curies":[{"name":"wp","href":"https:\/\/api.w.org\/{rel}","templated":true}]}}